{"id":9,"date":"2019-07-04T21:28:37","date_gmt":"2019-07-04T21:28:37","guid":{"rendered":"https:\/\/supweb.ch\/consul\/?page_id=6"},"modified":"2022-02-07T09:34:02","modified_gmt":"2022-02-07T09:34:02","slug":"markus-a-frey","status":"publish","type":"page","link":"https:\/\/www.thai-consulate.ch\/","title":{"rendered":"Markus A. Frey"},"content":{"rendered":"<p>[et_pb_section fb_built=&#8221;1&#8243; _builder_version=&#8221;4.0.6&#8243;][et_pb_row column_structure=&#8221;2_5,3_5&#8243; _builder_version=&#8221;4.0.6&#8243;][et_pb_column type=&#8221;2_5&#8243; _builder_version=&#8221;4.0.6&#8243;][et_pb_text _builder_version=&#8221;4.0.6&#8243; text_font=&#8221;Open Sans||||||||&#8221; text_line_height=&#8221;2em&#8221; header_font=&#8221;Playfair Display SC||||||||&#8221; header_font_size=&#8221;34px&#8221; header_line_height=&#8221;1.5em&#8221; header_6_font=&#8221;||||||||&#8221; max_width_last_edited=&#8221;off|desktop&#8221; module_alignment=&#8221;center&#8221; custom_margin=&#8221;||20px|&#8221; custom_padding=&#8221;|||&#8221; text_font_size_tablet=&#8221;&#8221; text_font_size_phone=&#8221;14px&#8221; text_font_size_last_edited=&#8221;on|desktop&#8221; header_font_size_tablet=&#8221;50px&#8221; header_font_size_phone=&#8221;32px&#8221; header_font_size_last_edited=&#8221;on|phone&#8221; locked=&#8221;off&#8221;]<\/p>\n<h1><\/h1>\n<h1 style=\"text-align: center;\">Honorary Consulate\u00a0General of the Kingdom of Thailand in Zurich<\/h1>\n<p><img loading=\"lazy\" decoding=\"async\" src=\"http:\/\/thai-consulate.ch\/wp-content\/uploads\/2019\/11\/garuda.png\" width=\"236\" height=\"197\" alt=\"\" class=\"wp-image-30 alignnone size-full\" style=\"display: block; margin-left: auto; margin-right: auto;\" \/>[\/et_pb_text][et_pb_text _builder_version=&#8221;4.0.6&#8243; text_font=&#8221;||||||||&#8221; text_font_size=&#8221;18px&#8221; custom_margin=&#8221;50px||||false|false&#8221; custom_padding=&#8221;0px|||&#8221;]<\/p>\n<p style=\"text-align: center;\">Dr. Markus A. Frey<br \/> Bellerivestrasse 29<br \/> 8008 Zurich<br \/> Switzerland<\/p>\n<p>[\/et_pb_text][\/et_pb_column][et_pb_column type=&#8221;3_5&#8243; _builder_version=&#8221;4.0.6&#8243;][et_pb_image src=&#8221;http:\/\/thai-consulate.ch\/wp-content\/uploads\/2019\/11\/bild.jpg&#8221; align_tablet=&#8221;center&#8221; align_phone=&#8221;&#8221; align_last_edited=&#8221;on|desktop&#8221; _builder_version=&#8221;4.0.6&#8243; width=&#8221;100%&#8221; animation_style=&#8221;zoom&#8221; animation_intensity_zoom=&#8221;5%&#8221; border_width_all=&#8221;24px&#8221; border_color_all=&#8221;#ffffff&#8221; box_shadow_style=&#8221;preset3&#8243; box_shadow_vertical=&#8221;70px&#8221; box_shadow_blur=&#8221;150px&#8221; box_shadow_color=&#8221;rgba(0,0,0,0.2)&#8221; locked=&#8221;off&#8221;][\/et_pb_image][et_pb_text _builder_version=&#8221;4.0.6&#8243; text_font=&#8221;||||||||&#8221; text_font_size=&#8221;18px&#8221; custom_margin=&#8221;50px||||false|false&#8221; custom_padding=&#8221;0px|||&#8221; hover_enabled=&#8221;0&#8243;]<\/p>\n<p style=\"text-align: center;\"><span style=\"color: #000000;\"><strong>Thail\u00e4ndisches Generalkonsulat Z\u00fcrich<br \/> <\/strong><\/span><span style=\"color: #000000;\"><strong>No public hours. No visa section.<br \/> Upon appointment only.<\/strong><\/span><\/p>\n<p style=\"text-align: center;\"><span style=\"color: #000000;\"><strong>info@thai-consulate.ch<\/strong><\/span><\/p>\n<p>[\/et_pb_text][\/et_pb_column][\/et_pb_row][\/et_pb_section][et_pb_section fb_built=&#8221;1&#8243; fullwidth=&#8221;on&#8221; _builder_version=&#8221;4.0.6&#8243;][et_pb_fullwidth_post_title title=&#8221;off&#8221; meta=&#8221;off&#8221; featured_image=&#8221;off&#8221; _builder_version=&#8221;4.0.6&#8243; background_color=&#8221;#e09d9a&#8221;][\/et_pb_fullwidth_post_title][\/et_pb_section][et_pb_section fb_built=&#8221;1&#8243; admin_label=&#8221;About&#8221; _builder_version=&#8221;3.22&#8243; background_size=&#8221;initial&#8221; background_position=&#8221;top_left&#8221; custom_padding=&#8221;6px|0|60px|0px|false|false&#8221; saved_tabs=&#8221;all&#8221;][et_pb_row _builder_version=&#8221;3.25&#8243;][et_pb_column type=&#8221;4_4&#8243; _builder_version=&#8221;3.25&#8243; custom_padding=&#8221;|||&#8221; custom_padding__hover=&#8221;|||&#8221;][et_pb_text _builder_version=&#8221;4.0.6&#8243; text_font=&#8221;Open Sans||||||||&#8221; text_line_height=&#8221;2em&#8221; header_font=&#8221;||||||||&#8221; header_2_font=&#8221;Playfair Display SC||||||||&#8221; header_2_font_size=&#8221;45px&#8221; header_2_line_height=&#8221;1.3em&#8221; header_6_font=&#8221;||||||||&#8221; max_width_last_edited=&#8221;off|desktop&#8221; module_alignment=&#8221;center&#8221; custom_margin=&#8221;||||false|false&#8221; custom_padding=&#8221;|||0px&#8221; header_2_font_size_tablet=&#8221;40px&#8221; header_2_font_size_phone=&#8221;28px&#8221; header_2_font_size_last_edited=&#8221;on|phone&#8221;]<\/p>\n<h2 style=\"text-align: center;\">Embassy &amp; Consulates in Switzerland<\/h2>\n<p>[\/et_pb_text][\/et_pb_column][\/et_pb_row][et_pb_row column_structure=&#8221;1_4,1_4,1_4,1_4&#8243; _builder_version=&#8221;3.25&#8243;][et_pb_column type=&#8221;1_4&#8243; _builder_version=&#8221;3.25&#8243; custom_padding=&#8221;|||&#8221; custom_padding__hover=&#8221;|||&#8221;][et_pb_blurb title=&#8221;Royal Thai Embassy Berne&#8221; url=&#8221;http:\/\/Thai%20Embassy%20in%20Berne&#8221; url_new_window=&#8221;on&#8221; _builder_version=&#8221;4.0.6&#8243; body_link_text_color=&#8221;#e09d9a&#8221; link_option_url=&#8221;http:\/\/www.thaiembassy.ch\/&#8221; link_option_url_new_window=&#8221;on&#8221;]<\/p>\n<p><strong>Kirchstrasse 56<br \/> 3097 Liebefeld-Bern<\/strong><\/p>\n<p>T +41 31 970-3030<br \/> F +41-31 970-3035<\/p>\n<p><a href=\"http:\/\/www.thaiembassy.ch\/\" target=\"_blank\" rel=\"noopener noreferrer\">thaiembassy.ch<\/a><\/p>\n<p>[\/et_pb_blurb][\/et_pb_column][et_pb_column type=&#8221;1_4&#8243; _builder_version=&#8221;3.25&#8243; custom_padding=&#8221;|||&#8221; custom_padding__hover=&#8221;|||&#8221;][et_pb_blurb title=&#8221;Royal Thai Consulate General Basel&#8221; url=&#8221;http:\/\/General%20Consul%20Basel&#8221; url_new_window=&#8221;on&#8221; _builder_version=&#8221;4.0.6&#8243; body_link_text_color=&#8221;#e09d9a&#8221; link_option_url=&#8221;https:\/\/thaikonsulat.ch&#8221; link_option_url_new_window=&#8221;on&#8221;]<\/p>\n<p><strong>Aeschenvorstadt 71<br \/> 4051 Basel<\/strong><\/p>\n<p>T +41 61 206 45 65<br \/> F +41 61 206 45 46<\/p>\n<p><a href=\"https:\/\/thaikonsulat.ch\" target=\"_blank\" rel=\"noopener noreferrer\">thaikonsulat.ch<\/a><\/p>\n<p>[\/et_pb_blurb][\/et_pb_column][et_pb_column type=&#8221;1_4&#8243; _builder_version=&#8221;3.25&#8243; custom_padding=&#8221;|||&#8221; custom_padding__hover=&#8221;|||&#8221;][et_pb_blurb title=&#8221;Consulat g\u00e9n\u00e9ral du Royaume de Tha\u00eflande &#8221; url=&#8221;http:\/\/Thai%20Embassy%20in%20Berne&#8221; url_new_window=&#8221;on&#8221; _builder_version=&#8221;4.0.6&#8243; body_link_text_color=&#8221;#e09d9a&#8221; link_option_url=&#8221;http:\/\/thaiconsulate.ch&#8221; link_option_url_new_window=&#8221;on&#8221; hover_enabled=&#8221;0&#8243;]<strong>Rue Liotard 4<br \/>\n1202 Gen\u00e8ve<\/strong><\/p>\n<p>T +41 22 311 07 23<\/p>\n<p><a href=\"http:\/\/thaiconsulate.ch\" target=\"_blank\" rel=\"noopener noreferrer\">thaiconsulate.ch<\/a>[\/et_pb_blurb][\/et_pb_column][et_pb_column type=&#8221;1_4&#8243; _builder_version=&#8221;3.25&#8243; custom_padding=&#8221;|||&#8221; custom_padding__hover=&#8221;|||&#8221;][et_pb_blurb title=&#8221;Royal Thai Consulate General Zurich &#8221; url=&#8221;http:\/\/Thai%20Embassy%20in%20Berne&#8221; url_new_window=&#8221;on&#8221; _builder_version=&#8221;4.0.6&#8243; body_link_text_color=&#8221;#e09d9a&#8221; link_option_url=&#8221;http:\/\/thaiconsulate.ch&#8221; link_option_url_new_window=&#8221;on&#8221; hover_enabled=&#8221;0&#8243;]<strong>Bellerivestrasse 29<br \/>\n8008 Z\u00fcrich<\/strong><\/p>\n<p>T +41 44 585 18 16<\/p>\n<p><a href=\"https:\/\/thai-consulate.ch\" target=\"_blank\" rel=\"noopener noreferrer\">thai-consulate.ch<\/a>[\/et_pb_blurb][\/et_pb_column][\/et_pb_row][\/et_pb_section]<\/p>\n","protected":false},"excerpt":{"rendered":"<p>Honorary Consulate\u00a0General of the Kingdom of Thailand in Zurich Dr. Markus A. Frey Bellerivestrasse 29 8008 Zurich SwitzerlandThail\u00e4ndisches Generalkonsulat Z\u00fcrich No public hours. No visa section. Upon appointment only. info@thai-consulate.ch Embassy &amp; Consulates in SwitzerlandKirchstrasse 56 3097 Liebefeld-Bern T +41 31 970-3030 F +41-31 970-3035 thaiembassy.chAeschenvorstadt 71 4051 Basel T +41 61 206 45 65 [&hellip;]<\/p>\n","protected":false},"author":2,"featured_media":0,"parent":0,"menu_order":0,"comment_status":"closed","ping_status":"closed","template":"page-template-blank.php","meta":{"_et_pb_use_builder":"on","_et_pb_old_content":"","_et_gb_content_width":"","footnotes":""},"class_list":["post-9","page","type-page","status-publish","hentry"],"_links":{"self":[{"href":"https:\/\/www.thai-consulate.ch\/index.php?rest_route=\/wp\/v2\/pages\/9","targetHints":{"allow":["GET"]}}],"collection":[{"href":"https:\/\/www.thai-consulate.ch\/index.php?rest_route=\/wp\/v2\/pages"}],"about":[{"href":"https:\/\/www.thai-consulate.ch\/index.php?rest_route=\/wp\/v2\/types\/page"}],"author":[{"embeddable":true,"href":"https:\/\/www.thai-consulate.ch\/index.php?rest_route=\/wp\/v2\/users\/2"}],"replies":[{"embeddable":true,"href":"https:\/\/www.thai-consulate.ch\/index.php?rest_route=%2Fwp%2Fv2%2Fcomments&post=9"}],"version-history":[{"count":42,"href":"https:\/\/www.thai-consulate.ch\/index.php?rest_route=\/wp\/v2\/pages\/9\/revisions"}],"predecessor-version":[{"id":100,"href":"https:\/\/www.thai-consulate.ch\/index.php?rest_route=\/wp\/v2\/pages\/9\/revisions\/100"}],"wp:attachment":[{"href":"https:\/\/www.thai-consulate.ch\/index.php?rest_route=%2Fwp%2Fv2%2Fmedia&parent=9"}],"curies":[{"name":"wp","href":"https:\/\/api.w.org\/{rel}","templated":true}]}}